{"id":510,"date":"2025-02-03T18:19:02","date_gmt":"2025-02-03T18:19:02","guid":{"rendered":"https:\/\/defendcanadasfuture.com\/our-suppliers\/"},"modified":"2025-04-14T15:44:41","modified_gmt":"2025-04-14T15:44:41","slug":"nos-fournisseurs","status":"publish","type":"page","link":"https:\/\/defendcanadasfuture.com\/fr\/nos-fournisseurs\/","title":{"rendered":"Nos fournisseurs"},"content":{"rendered":"<p>[et_pb_section fb_built=\u00a0\u00bb1&Prime; _builder_version=\u00a0\u00bb4.27.4&Prime; _module_preset=\u00a0\u00bbdefault\u00a0\u00bb background_color=\u00a0\u00bb#6b6b6b\u00a0\u00bb background_image=\u00a0\u00bbhttps:\/\/defendcanadasfuture.com\/wp-content\/uploads\/2025\/03\/our-suppliers-v2.jpg\u00a0\u00bb background_blend=\u00a0\u00bboverlay\u00a0\u00bb custom_margin=\u00a0\u00bb0px||0px||false|false\u00a0\u00bb custom_padding=\u00a0\u00bb10px||10px|0px|false|false\u00a0\u00bb global_colors_info=\u00a0\u00bb{}\u00a0\u00bb][et_pb_row column_structure=\u00a0\u00bb1_2,1_2&Prime; _builder_version=\u00a0\u00bb4.27.4&Prime; _module_preset=\u00a0\u00bbb8a61bd0-1254-42a0-ad76-c21a9a51bff8&Prime; global_colors_info=\u00a0\u00bb{}\u00a0\u00bb][et_pb_column type=\u00a0\u00bb1_2&Prime; _builder_version=\u00a0\u00bb4.27.4&Prime; _module_preset=\u00a0\u00bbc953147e-4b21-4c61-87ab-3b5a1d40a8aa\u00a0\u00bb global_colors_info=\u00a0\u00bb{}\u00a0\u00bb custom_css_main_element_tablet=\u00a0\u00bbwidth: 50% !important;||\u00a0\u00bb custom_css_main_element_phone=\u00a0\u00bbwidth: 100%\u00a0\u00bb][et_pb_heading title=\u00a0\u00bbNos fournisseurs\u00a0\u00bb _builder_version=\u00a0\u00bb4.27.4&Prime; _module_preset=\u00a0\u00bbdefault\u00a0\u00bb title_font=\u00a0\u00bbInter Tight||||||||\u00a0\u00bb title_text_color=\u00a0\u00bb#FFFFFF\u00a0\u00bb title_font_size=\u00a0\u00bb55px\u00a0\u00bb title_text_align_tablet=\u00a0\u00bb\u00a0\u00bb title_text_align_phone=\u00a0\u00bbleft\u00a0\u00bb title_text_align_last_edited=\u00a0\u00bbon|tablet\u00a0\u00bb global_colors_info=\u00a0\u00bb{}\u00a0\u00bb][\/et_pb_heading][\/et_pb_column][et_pb_column type=\u00a0\u00bb1_2&Prime; _builder_version=\u00a0\u00bb4.27.4&Prime; _module_preset=\u00a0\u00bbc953147e-4b21-4c61-87ab-3b5a1d40a8aa\u00a0\u00bb global_colors_info=\u00a0\u00bb{}\u00a0\u00bb custom_css_main_element__hover_enabled=\u00a0\u00bboff|desktop\u00a0\u00bb][et_pb_image src=\u00a0\u00bbhttps:\/\/defendcanadasfuture.com\/wp-content\/uploads\/2025\/02\/defend-canadas-future-fr.png\u00a0\u00bb title_text=\u00a0\u00bbdefend-canadas-future-fr\u00a0\u00bb align=\u00a0\u00bbright\u00a0\u00bb align_tablet=\u00a0\u00bbright\u00a0\u00bb align_phone=\u00a0\u00bbleft\u00a0\u00bb align_last_edited=\u00a0\u00bbon|tablet\u00a0\u00bb _builder_version=\u00a0\u00bb4.27.4&Prime; _module_preset=\u00a0\u00bbdefault\u00a0\u00bb max_width=\u00a0\u00bb275px\u00a0\u00bb global_colors_info=\u00a0\u00bb{}\u00a0\u00bb][\/et_pb_image][\/et_pb_column][\/et_pb_row][\/et_pb_section][et_pb_section fb_built=\u00a0\u00bb1&Prime; _builder_version=\u00a0\u00bb4.27.4&Prime; _module_preset=\u00a0\u00bbdefault\u00a0\u00bb custom_margin=\u00a0\u00bb0px||0px||false|false\u00a0\u00bb custom_padding=\u00a0\u00bb10px||0px||false|false\u00a0\u00bb global_colors_info=\u00a0\u00bb{}\u00a0\u00bb][et_pb_row column_structure=\u00a0\u00bb1_2,1_2&Prime; make_equal=\u00a0\u00bbon\u00a0\u00bb _builder_version=\u00a0\u00bb4.27.4&Prime; _module_preset=\u00a0\u00bbdefault\u00a0\u00bb custom_margin=\u00a0\u00bb50px||||false|false\u00a0\u00bb global_colors_info=\u00a0\u00bb{}\u00a0\u00bb][et_pb_column type=\u00a0\u00bb1_2&Prime; _builder_version=\u00a0\u00bb4.27.4&Prime; _module_preset=\u00a0\u00bbdefault\u00a0\u00bb background_color=\u00a0\u00bb#153053&Prime; global_colors_info=\u00a0\u00bb{}\u00a0\u00bb][et_pb_heading title=\u00a0\u00bbFournisseurs canadiens.\u00a0\u00bb _builder_version=\u00a0\u00bb4.27.4&Prime; _module_preset=\u00a0\u00bbdefault\u00a0\u00bb title_text_color=\u00a0\u00bb#FFFFFF\u00a0\u00bb title_font_size=\u00a0\u00bb40px\u00a0\u00bb custom_padding=\u00a0\u00bb30px|30px|30px|30px|false|false\u00a0\u00bb global_colors_info=\u00a0\u00bb{}\u00a0\u00bb][\/et_pb_heading][\/et_pb_column][et_pb_column type=\u00a0\u00bb1_2&Prime; _builder_version=\u00a0\u00bb4.27.4&Prime; _module_preset=\u00a0\u00bbdefault\u00a0\u00bb background_color=\u00a0\u00bb#d7d7d7&Prime; global_colors_info=\u00a0\u00bb{}\u00a0\u00bb][et_pb_heading title=\u00a0\u00bbCommunaut\u00e9s canadiennes.\u00a0\u00bb _builder_version=\u00a0\u00bb4.27.4&Prime; _module_preset=\u00a0\u00bbdefault\u00a0\u00bb title_text_color=\u00a0\u00bb#153053&Prime; title_font_size=\u00a0\u00bb40px\u00a0\u00bb custom_padding=\u00a0\u00bb30px|30px|30px|30px|false|false\u00a0\u00bb global_colors_info=\u00a0\u00bb{}\u00a0\u00bb][\/et_pb_heading][\/et_pb_column][\/et_pb_row][et_pb_row _builder_version=\u00a0\u00bb4.27.4&Prime; _module_preset=\u00a0\u00bbdefault\u00a0\u00bb custom_margin=\u00a0\u00bb0px||||false|false\u00a0\u00bb custom_padding=\u00a0\u00bb0px||||false|false\u00a0\u00bb global_colors_info=\u00a0\u00bb{}\u00a0\u00bb][et_pb_column type=\u00a0\u00bb4_4&Prime; _builder_version=\u00a0\u00bb4.27.4&Prime; _module_preset=\u00a0\u00bbdefault\u00a0\u00bb global_colors_info=\u00a0\u00bb{}\u00a0\u00bb][et_pb_image src=\u00a0\u00bbhttps:\/\/defendcanadasfuture.com\/wp-content\/uploads\/2025\/04\/map-v2-FR.jpg\u00a0\u00bb title_text=\u00a0\u00bbmap-v2-FR\u00a0\u00bb _builder_version=\u00a0\u00bb4.27.4&Prime; _module_preset=\u00a0\u00bbdefault\u00a0\u00bb width_tablet=\u00a0\u00bb100%\u00a0\u00bb width_phone=\u00a0\u00bb100%\u00a0\u00bb width_last_edited=\u00a0\u00bbon|phone\u00a0\u00bb module_alignment=\u00a0\u00bbcenter\u00a0\u00bb custom_margin=\u00a0\u00bb0px||||false|false\u00a0\u00bb custom_padding=\u00a0\u00bb0px||||false|false\u00a0\u00bb hover_enabled=\u00a0\u00bb0&Prime; global_colors_info=\u00a0\u00bb{}\u00a0\u00bb sticky_enabled=\u00a0\u00bb0&Prime;][\/et_pb_image][et_pb_heading title=\u00a0\u00bbGr\u00e2ce \u00e0 notre r\u00e9seau de plus de 600 fournisseurs dans toutes les r\u00e9gions du Canada, nous contribuons au renforcement de plus de 100 communaut\u00e9s par la cr\u00e9ation et le maintien d&rsquo;environ 13 400 emplois.\u00a0\u00bb _builder_version=\u00a0\u00bb4.27.4&Prime; _module_preset=\u00a0\u00bbdefault\u00a0\u00bb title_text_align=\u00a0\u00bbcenter\u00a0\u00bb title_font_size=\u00a0\u00bb26px\u00a0\u00bb width=\u00a0\u00bb80%\u00a0\u00bb module_alignment=\u00a0\u00bbcenter\u00a0\u00bb custom_margin=\u00a0\u00bb0px||||false|false\u00a0\u00bb custom_padding=\u00a0\u00bb0px||||false|false\u00a0\u00bb hover_enabled=\u00a0\u00bb0&Prime; sticky_enabled=\u00a0\u00bb0&Prime; title_font_size_last_edited=\u00a0\u00bbon|desktop\u00a0\u00bb title_font_size_phone=\u00a0\u00bb22px\u00a0\u00bb title_font_size_tablet=\u00a0\u00bb26px\u00a0\u00bb][\/et_pb_heading][\/et_pb_column][\/et_pb_row][et_pb_row column_structure=\u00a0\u00bb1_2,1_2&Prime; use_custom_gutter=\u00a0\u00bbon\u00a0\u00bb make_equal=\u00a0\u00bbon\u00a0\u00bb _builder_version=\u00a0\u00bb4.27.4&Prime; _module_preset=\u00a0\u00bbdefault\u00a0\u00bb custom_margin=\u00a0\u00bb0px||||false|false\u00a0\u00bb custom_padding=\u00a0\u00bb0px||||false|false\u00a0\u00bb global_colors_info=\u00a0\u00bb{}\u00a0\u00bb][et_pb_column type=\u00a0\u00bb1_2&Prime; _builder_version=\u00a0\u00bb4.27.4&Prime; _module_preset=\u00a0\u00bbdefault\u00a0\u00bb background_color=\u00a0\u00bb#153053&Prime; global_colors_info=\u00a0\u00bb{}\u00a0\u00bb][et_pb_text _builder_version=\u00a0\u00bb4.27.4&Prime; _module_preset=\u00a0\u00bbdefault\u00a0\u00bb header_3_font=\u00a0\u00bb|300|||||||\u00a0\u00bb header_3_text_color=\u00a0\u00bb#d7d7d7&Prime; header_3_line_height=\u00a0\u00bb1.2em\u00a0\u00bb custom_padding=\u00a0\u00bb30px|30px|30px|30px|false|false\u00a0\u00bb global_colors_info=\u00a0\u00bb{}\u00a0\u00bb]<\/p>\n<h3><strong>Nos fournisseurs occupent un r\u00f4le important et valoris\u00e9 au sein de notre \u00e9quipe.<\/strong> Nous travaillons tous les jours en \u00e9troite collaboration avec notre noyau de fournisseurs en vue d&rsquo;assurer le respect des normes les plus \u00e9lev\u00e9es en mati\u00e8re de qualit\u00e9 et de performance sur les plans du rendement, du respect de nos engagements et de l&rsquo;innovation.<\/h3>\n<p>[\/et_pb_text][\/et_pb_column][et_pb_column type=\u00a0\u00bb1_2&Prime; _builder_version=\u00a0\u00bb4.27.4&Prime; _module_preset=\u00a0\u00bbdefault\u00a0\u00bb background_color=\u00a0\u00bb#d7d7d7&Prime; global_colors_info=\u00a0\u00bb{}\u00a0\u00bb][et_pb_text _builder_version=\u00a0\u00bb4.27.4&Prime; _module_preset=\u00a0\u00bbdefault\u00a0\u00bb header_3_font=\u00a0\u00bb|300|||||||\u00a0\u00bb header_3_text_color=\u00a0\u00bb#153053&Prime; header_3_line_height=\u00a0\u00bb1.2em\u00a0\u00bb custom_padding=\u00a0\u00bb30px|30px|30px|30px|false|false\u00a0\u00bb global_colors_info=\u00a0\u00bb{}\u00a0\u00bb]<\/p>\n<h3><strong>Nos fournisseurs autochtones jouent un r\u00f4le tr\u00e8s important au sein de notre \u00e9quipe.<\/strong> Nous continuons de travailler de concert avec les entreprises autochtones dans l&rsquo;ensemble de la cha\u00eene de valeur de notre entreprise en vue d\u2019accro\u00eetre leur participation dans l&rsquo;industrie de la d\u00e9fense.<\/h3>\n<p>[\/et_pb_text][\/et_pb_column][\/et_pb_row][et_pb_row _builder_version=\u00a0\u00bb4.27.4&Prime; _module_preset=\u00a0\u00bbdefault\u00a0\u00bb global_colors_info=\u00a0\u00bb{}\u00a0\u00bb][et_pb_column type=\u00a0\u00bb4_4&Prime; _builder_version=\u00a0\u00bb4.27.4&Prime; _module_preset=\u00a0\u00bbdefault\u00a0\u00bb global_colors_info=\u00a0\u00bb{}\u00a0\u00bb][et_pb_text _builder_version=\u00a0\u00bb4.27.4&Prime; _module_preset=\u00a0\u00bbdefault\u00a0\u00bb global_colors_info=\u00a0\u00bb{}\u00a0\u00bb]<\/p>\n<h3 style=\"text-align: center;\">Nous nous effor\u00e7ons d&rsquo;\u00eatre de v\u00e9ritables partenaires avec notre base de fournisseurs en d\u00e9veloppant des rapports solides dont profiteront nos clients.<\/h3>\n<p>[\/et_pb_text][\/et_pb_column][\/et_pb_row][et_pb_row column_structure=\u00a0\u00bb1_2,1_2&Prime; _builder_version=\u00a0\u00bb4.27.4&Prime; _module_preset=\u00a0\u00bbdefault\u00a0\u00bb width=\u00a0\u00bb50%\u00a0\u00bb width_tablet=\u00a0\u00bb\u00a0\u00bb width_phone=\u00a0\u00bb85%\u00a0\u00bb width_last_edited=\u00a0\u00bbon|phone\u00a0\u00bb global_colors_info=\u00a0\u00bb{}\u00a0\u00bb][et_pb_column type=\u00a0\u00bb1_2&Prime; _builder_version=\u00a0\u00bb4.27.4&Prime; _module_preset=\u00a0\u00bbdefault\u00a0\u00bb global_colors_info=\u00a0\u00bb{}\u00a0\u00bb][et_pb_image src=\u00a0\u00bbhttps:\/\/defendcanadasfuture.com\/wp-content\/uploads\/2025\/03\/CCIB-logo.jpg\u00a0\u00bb title_text=\u00a0\u00bbCCIB-logo\u00a0\u00bb align=\u00a0\u00bbcenter\u00a0\u00bb _builder_version=\u00a0\u00bb4.27.4&Prime; _module_preset=\u00a0\u00bbdefault\u00a0\u00bb width=\u00a0\u00bb60%\u00a0\u00bb width_tablet=\u00a0\u00bb60%\u00a0\u00bb width_phone=\u00a0\u00bb55%\u00a0\u00bb width_last_edited=\u00a0\u00bbon|tablet\u00a0\u00bb global_colors_info=\u00a0\u00bb{}\u00a0\u00bb][\/et_pb_image][\/et_pb_column][et_pb_column type=\u00a0\u00bb1_2&Prime; _builder_version=\u00a0\u00bb4.27.4&Prime; _module_preset=\u00a0\u00bbdefault\u00a0\u00bb global_colors_info=\u00a0\u00bb{}\u00a0\u00bb][et_pb_image src=\u00a0\u00bbhttps:\/\/defendcanadasfuture.com\/wp-content\/uploads\/2025\/03\/pair-silver-logo.jpg\u00a0\u00bb title_text=\u00a0\u00bbpair-silver-logo\u00a0\u00bb _builder_version=\u00a0\u00bb4.27.4&Prime; _module_preset=\u00a0\u00bbdefault\u00a0\u00bb global_colors_info=\u00a0\u00bb{}\u00a0\u00bb][\/et_pb_image][\/et_pb_column][\/et_pb_row][\/et_pb_section]<\/p>\n","protected":false},"excerpt":{"rendered":"<p>Nos fournisseurs occupent un r\u00f4le important et valoris\u00e9 au sein de notre \u00e9quipe. Nous travaillons tous les jours en \u00e9troite collaboration avec notre noyau de fournisseurs en vue d&rsquo;assurer le respect des normes les plus \u00e9lev\u00e9es en mati\u00e8re de qualit\u00e9 et de performance sur les plans du rendement, du respect de nos engagements et de [&hellip;]<\/p>\n","protected":false},"author":1,"featured_media":0,"parent":0,"menu_order":0,"comment_status":"closed","ping_status":"closed","template":"","meta":{"_et_pb_use_builder":"on","_et_pb_old_content":"","_et_gb_content_width":"","inline_featured_image":false,"footnotes":""},"class_list":["post-510","page","type-page","status-publish","hentry"],"yoast_head":"<!-- This site is optimized with the Yoast SEO plugin v27.2 - https:\/\/yoast.com\/product\/yoast-seo-wordpress\/ -->\n<title>Nos fournisseurs - Defend Canada&#039;s Future<\/title>\n<meta name=\"robots\" content=\"index, follow, max-snippet:-1, max-image-preview:large, max-video-preview:-1\" \/>\n<link rel=\"canonical\" href=\"https:\/\/defendcanadasfuture.com\/fr\/nos-fournisseurs\/\" \/>\n<meta property=\"og:locale\" content=\"fr_FR\" \/>\n<meta property=\"og:type\" content=\"article\" \/>\n<meta property=\"og:title\" content=\"Nos fournisseurs - Defend Canada&#039;s Future\" \/>\n<meta property=\"og:description\" content=\"Nos fournisseurs occupent un r\u00f4le important et valoris\u00e9 au sein de notre \u00e9quipe. Nous travaillons tous les jours en \u00e9troite collaboration avec notre noyau de fournisseurs en vue d&#039;assurer le respect des normes les plus \u00e9lev\u00e9es en mati\u00e8re de qualit\u00e9 et de performance sur les plans du rendement, du respect de nos engagements et de [&hellip;]\" \/>\n<meta property=\"og:url\" content=\"https:\/\/defendcanadasfuture.com\/fr\/nos-fournisseurs\/\" \/>\n<meta property=\"og:site_name\" content=\"Defend Canada&#039;s Future\" \/>\n<meta property=\"article:publisher\" content=\"https:\/\/www.facebook.com\/GDLSCanada\/\" \/>\n<meta property=\"article:modified_time\" content=\"2025-04-14T15:44:41+00:00\" \/>\n<meta name=\"twitter:card\" content=\"summary_large_image\" \/>\n<meta name=\"twitter:label1\" content=\"Dur\u00e9e de lecture estim\u00e9e\" \/>\n\t<meta name=\"twitter:data1\" content=\"1 minute\" \/>\n<script type=\"application\/ld+json\" class=\"yoast-schema-graph\">{\"@context\":\"https:\/\/schema.org\",\"@graph\":[{\"@type\":\"WebPage\",\"@id\":\"https:\/\/defendcanadasfuture.com\/fr\/nos-fournisseurs\/\",\"url\":\"https:\/\/defendcanadasfuture.com\/fr\/nos-fournisseurs\/\",\"name\":\"Nos fournisseurs - Defend Canada&#039;s Future\",\"isPartOf\":{\"@id\":\"https:\/\/defendcanadasfuture.com\/#website\"},\"datePublished\":\"2025-02-03T18:19:02+00:00\",\"dateModified\":\"2025-04-14T15:44:41+00:00\",\"breadcrumb\":{\"@id\":\"https:\/\/defendcanadasfuture.com\/fr\/nos-fournisseurs\/#breadcrumb\"},\"inLanguage\":\"fr-FR\",\"potentialAction\":[{\"@type\":\"ReadAction\",\"target\":[\"https:\/\/defendcanadasfuture.com\/fr\/nos-fournisseurs\/\"]}]},{\"@type\":\"BreadcrumbList\",\"@id\":\"https:\/\/defendcanadasfuture.com\/fr\/nos-fournisseurs\/#breadcrumb\",\"itemListElement\":[{\"@type\":\"ListItem\",\"position\":1,\"name\":\"Home\",\"item\":\"https:\/\/defendcanadasfuture.com\/fr\/\"},{\"@type\":\"ListItem\",\"position\":2,\"name\":\"Nos fournisseurs\"}]},{\"@type\":\"WebSite\",\"@id\":\"https:\/\/defendcanadasfuture.com\/#website\",\"url\":\"https:\/\/defendcanadasfuture.com\/\",\"name\":\"Defend Canada's Future\",\"description\":\"PRESERVE HIGH-VALUE JOBS &amp; MADE-IN-CANADA LIGHT ARMOURED VEHICLES (LAVs)\",\"publisher\":{\"@id\":\"https:\/\/defendcanadasfuture.com\/#organization\"},\"potentialAction\":[{\"@type\":\"SearchAction\",\"target\":{\"@type\":\"EntryPoint\",\"urlTemplate\":\"https:\/\/defendcanadasfuture.com\/?s={search_term_string}\"},\"query-input\":{\"@type\":\"PropertyValueSpecification\",\"valueRequired\":true,\"valueName\":\"search_term_string\"}}],\"inLanguage\":\"fr-FR\"},{\"@type\":\"Organization\",\"@id\":\"https:\/\/defendcanadasfuture.com\/#organization\",\"name\":\"General Dynamics Land Systems\",\"url\":\"https:\/\/defendcanadasfuture.com\/\",\"logo\":{\"@type\":\"ImageObject\",\"inLanguage\":\"fr-FR\",\"@id\":\"https:\/\/defendcanadasfuture.com\/#\/schema\/logo\/image\/\",\"url\":\"https:\/\/defendcanadasfuture.com\/wp-content\/uploads\/2025\/03\/gd-capsule-logo-land-systems.png\",\"contentUrl\":\"https:\/\/defendcanadasfuture.com\/wp-content\/uploads\/2025\/03\/gd-capsule-logo-land-systems.png\",\"width\":879,\"height\":623,\"caption\":\"General Dynamics Land Systems\"},\"image\":{\"@id\":\"https:\/\/defendcanadasfuture.com\/#\/schema\/logo\/image\/\"},\"sameAs\":[\"https:\/\/www.facebook.com\/GDLSCanada\/\",\"https:\/\/ca.linkedin.com\/company\/generaldynamicslandsystemscanada\"]}]}<\/script>\n<!-- \/ Yoast SEO plugin. -->","yoast_head_json":{"title":"Nos fournisseurs - Defend Canada&#039;s Future","robots":{"index":"index","follow":"follow","max-snippet":"max-snippet:-1","max-image-preview":"max-image-preview:large","max-video-preview":"max-video-preview:-1"},"canonical":"https:\/\/defendcanadasfuture.com\/fr\/nos-fournisseurs\/","og_locale":"fr_FR","og_type":"article","og_title":"Nos fournisseurs - Defend Canada&#039;s Future","og_description":"Nos fournisseurs occupent un r\u00f4le important et valoris\u00e9 au sein de notre \u00e9quipe. Nous travaillons tous les jours en \u00e9troite collaboration avec notre noyau de fournisseurs en vue d'assurer le respect des normes les plus \u00e9lev\u00e9es en mati\u00e8re de qualit\u00e9 et de performance sur les plans du rendement, du respect de nos engagements et de [&hellip;]","og_url":"https:\/\/defendcanadasfuture.com\/fr\/nos-fournisseurs\/","og_site_name":"Defend Canada&#039;s Future","article_publisher":"https:\/\/www.facebook.com\/GDLSCanada\/","article_modified_time":"2025-04-14T15:44:41+00:00","twitter_card":"summary_large_image","twitter_misc":{"Dur\u00e9e de lecture estim\u00e9e":"1 minute"},"schema":{"@context":"https:\/\/schema.org","@graph":[{"@type":"WebPage","@id":"https:\/\/defendcanadasfuture.com\/fr\/nos-fournisseurs\/","url":"https:\/\/defendcanadasfuture.com\/fr\/nos-fournisseurs\/","name":"Nos fournisseurs - Defend Canada&#039;s Future","isPartOf":{"@id":"https:\/\/defendcanadasfuture.com\/#website"},"datePublished":"2025-02-03T18:19:02+00:00","dateModified":"2025-04-14T15:44:41+00:00","breadcrumb":{"@id":"https:\/\/defendcanadasfuture.com\/fr\/nos-fournisseurs\/#breadcrumb"},"inLanguage":"fr-FR","potentialAction":[{"@type":"ReadAction","target":["https:\/\/defendcanadasfuture.com\/fr\/nos-fournisseurs\/"]}]},{"@type":"BreadcrumbList","@id":"https:\/\/defendcanadasfuture.com\/fr\/nos-fournisseurs\/#breadcrumb","itemListElement":[{"@type":"ListItem","position":1,"name":"Home","item":"https:\/\/defendcanadasfuture.com\/fr\/"},{"@type":"ListItem","position":2,"name":"Nos fournisseurs"}]},{"@type":"WebSite","@id":"https:\/\/defendcanadasfuture.com\/#website","url":"https:\/\/defendcanadasfuture.com\/","name":"Defend Canada's Future","description":"PRESERVE HIGH-VALUE JOBS &amp; MADE-IN-CANADA LIGHT ARMOURED VEHICLES (LAVs)","publisher":{"@id":"https:\/\/defendcanadasfuture.com\/#organization"},"potentialAction":[{"@type":"SearchAction","target":{"@type":"EntryPoint","urlTemplate":"https:\/\/defendcanadasfuture.com\/?s={search_term_string}"},"query-input":{"@type":"PropertyValueSpecification","valueRequired":true,"valueName":"search_term_string"}}],"inLanguage":"fr-FR"},{"@type":"Organization","@id":"https:\/\/defendcanadasfuture.com\/#organization","name":"General Dynamics Land Systems","url":"https:\/\/defendcanadasfuture.com\/","logo":{"@type":"ImageObject","inLanguage":"fr-FR","@id":"https:\/\/defendcanadasfuture.com\/#\/schema\/logo\/image\/","url":"https:\/\/defendcanadasfuture.com\/wp-content\/uploads\/2025\/03\/gd-capsule-logo-land-systems.png","contentUrl":"https:\/\/defendcanadasfuture.com\/wp-content\/uploads\/2025\/03\/gd-capsule-logo-land-systems.png","width":879,"height":623,"caption":"General Dynamics Land Systems"},"image":{"@id":"https:\/\/defendcanadasfuture.com\/#\/schema\/logo\/image\/"},"sameAs":["https:\/\/www.facebook.com\/GDLSCanada\/","https:\/\/ca.linkedin.com\/company\/generaldynamicslandsystemscanada"]}]}},"_links":{"self":[{"href":"https:\/\/defendcanadasfuture.com\/fr\/wp-json\/wp\/v2\/pages\/510","targetHints":{"allow":["GET"]}}],"collection":[{"href":"https:\/\/defendcanadasfuture.com\/fr\/wp-json\/wp\/v2\/pages"}],"about":[{"href":"https:\/\/defendcanadasfuture.com\/fr\/wp-json\/wp\/v2\/types\/page"}],"author":[{"embeddable":true,"href":"https:\/\/defendcanadasfuture.com\/fr\/wp-json\/wp\/v2\/users\/1"}],"replies":[{"embeddable":true,"href":"https:\/\/defendcanadasfuture.com\/fr\/wp-json\/wp\/v2\/comments?post=510"}],"version-history":[{"count":14,"href":"https:\/\/defendcanadasfuture.com\/fr\/wp-json\/wp\/v2\/pages\/510\/revisions"}],"predecessor-version":[{"id":971,"href":"https:\/\/defendcanadasfuture.com\/fr\/wp-json\/wp\/v2\/pages\/510\/revisions\/971"}],"wp:attachment":[{"href":"https:\/\/defendcanadasfuture.com\/fr\/wp-json\/wp\/v2\/media?parent=510"}],"curies":[{"name":"wp","href":"https:\/\/api.w.org\/{rel}","templated":true}]}}