{"id":507,"date":"2025-02-03T18:18:47","date_gmt":"2025-02-03T18:18:47","guid":{"rendered":"https:\/\/defendcanadasfuture.com\/our-impact\/"},"modified":"2026-03-17T15:26:31","modified_gmt":"2026-03-17T15:26:31","slug":"nos-impacts","status":"publish","type":"page","link":"https:\/\/defendcanadasfuture.com\/fr\/nos-impacts\/","title":{"rendered":"Nos impacts"},"content":{"rendered":"<p>[et_pb_section fb_built=\u00a0\u00bb1&Prime; _builder_version=\u00a0\u00bb4.27.4&Prime; _module_preset=\u00a0\u00bbdefault\u00a0\u00bb background_color=\u00a0\u00bb#6b6b6b\u00a0\u00bb background_image=\u00a0\u00bbhttps:\/\/defendcanadasfuture.com\/wp-content\/uploads\/2025\/02\/our-impact-header-bg.jpg\u00a0\u00bb background_blend=\u00a0\u00bboverlay\u00a0\u00bb custom_margin=\u00a0\u00bb0px||0px||false|false\u00a0\u00bb custom_padding=\u00a0\u00bb10px||10px|0px|false|false\u00a0\u00bb global_colors_info=\u00a0\u00bb{}\u00a0\u00bb][et_pb_row column_structure=\u00a0\u00bb1_2,1_2&Prime; _builder_version=\u00a0\u00bb4.27.4&Prime; _module_preset=\u00a0\u00bbb8a61bd0-1254-42a0-ad76-c21a9a51bff8&Prime; global_colors_info=\u00a0\u00bb{}\u00a0\u00bb custom_css_main_element_last_edited=\u00a0\u00bbon|tablet\u00a0\u00bb][et_pb_column type=\u00a0\u00bb1_2&Prime; _builder_version=\u00a0\u00bb4.27.4&Prime; _module_preset=\u00a0\u00bbc953147e-4b21-4c61-87ab-3b5a1d40a8aa\u00a0\u00bb global_colors_info=\u00a0\u00bb{}\u00a0\u00bb custom_css_main_element_last_edited=\u00a0\u00bbon|desktop\u00a0\u00bb][et_pb_heading title=\u00a0\u00bbNos impacts\u00a0\u00bb _builder_version=\u00a0\u00bb4.27.4&Prime; _module_preset=\u00a0\u00bbdefault\u00a0\u00bb title_font=\u00a0\u00bbInter Tight||||||||\u00a0\u00bb title_text_color=\u00a0\u00bb#FFFFFF\u00a0\u00bb title_font_size=\u00a0\u00bb55px\u00a0\u00bb title_text_align_tablet=\u00a0\u00bb\u00a0\u00bb title_text_align_phone=\u00a0\u00bbleft\u00a0\u00bb title_text_align_last_edited=\u00a0\u00bbon|phone\u00a0\u00bb global_colors_info=\u00a0\u00bb{}\u00a0\u00bb][\/et_pb_heading][\/et_pb_column][et_pb_column type=\u00a0\u00bb1_2&Prime; _builder_version=\u00a0\u00bb4.27.4&Prime; _module_preset=\u00a0\u00bbc953147e-4b21-4c61-87ab-3b5a1d40a8aa\u00a0\u00bb global_colors_info=\u00a0\u00bb{}\u00a0\u00bb][et_pb_image src=\u00a0\u00bbhttps:\/\/defendcanadasfuture.com\/wp-content\/uploads\/2025\/02\/defend-canadas-future-fr.png\u00a0\u00bb title_text=\u00a0\u00bbdefend-canadas-future-fr\u00a0\u00bb align=\u00a0\u00bbright\u00a0\u00bb align_tablet=\u00a0\u00bbright\u00a0\u00bb align_phone=\u00a0\u00bbleft\u00a0\u00bb align_last_edited=\u00a0\u00bbon|phone\u00a0\u00bb _builder_version=\u00a0\u00bb4.27.4&Prime; _module_preset=\u00a0\u00bbdefault\u00a0\u00bb max_width=\u00a0\u00bb275px\u00a0\u00bb module_alignment_tablet=\u00a0\u00bb\u00a0\u00bb module_alignment_phone=\u00a0\u00bbleft\u00a0\u00bb module_alignment_last_edited=\u00a0\u00bbon|phone\u00a0\u00bb global_colors_info=\u00a0\u00bb{}\u00a0\u00bb][\/et_pb_image][\/et_pb_column][\/et_pb_row][\/et_pb_section][et_pb_section fb_built=\u00a0\u00bb1&Prime; _builder_version=\u00a0\u00bb4.27.4&Prime; _module_preset=\u00a0\u00bbdefault\u00a0\u00bb custom_margin=\u00a0\u00bb0px||0px||false|false\u00a0\u00bb custom_padding=\u00a0\u00bb10px||0px||false|false\u00a0\u00bb global_colors_info=\u00a0\u00bb{}\u00a0\u00bb][et_pb_row _builder_version=\u00a0\u00bb4.27.4&Prime; _module_preset=\u00a0\u00bbdefault\u00a0\u00bb global_colors_info=\u00a0\u00bb{}\u00a0\u00bb][et_pb_column type=\u00a0\u00bb4_4&Prime; _builder_version=\u00a0\u00bb4.27.4&Prime; _module_preset=\u00a0\u00bbdefault\u00a0\u00bb global_colors_info=\u00a0\u00bb{}\u00a0\u00bb][et_pb_text _builder_version=\u00a0\u00bb4.27.4&Prime; _module_preset=\u00a0\u00bbdefault\u00a0\u00bb text_font_size=\u00a0\u00bb20px\u00a0\u00bb hover_enabled=\u00a0\u00bb0&Prime; global_colors_info=\u00a0\u00bb{}\u00a0\u00bb sticky_enabled=\u00a0\u00bb0&Prime;]<\/p>\n<p>General Dynamics Land Systems\u2013Canada apporte au Canada une contribution \u00e9conomique significative qui b\u00e9n\u00e9ficie directement aux Canadiens.<\/p>\n<p>[\/et_pb_text][et_pb_heading title=\u00a0\u00bbUn contrat pour les v\u00e9hicules blind\u00e9s l\u00e9gers\u2026\u00a0\u00bb _builder_version=\u00a0\u00bb4.27.4&Prime; _module_preset=\u00a0\u00bbdefault\u00a0\u00bb title_text_color=\u00a0\u00bb#FFFFFF\u00a0\u00bb background_color=\u00a0\u00bb#153053&Prime; custom_margin=\u00a0\u00bb||0px||false|false\u00a0\u00bb custom_padding=\u00a0\u00bb20px|20px|20px|20px|false|false\u00a0\u00bb global_colors_info=\u00a0\u00bb{}\u00a0\u00bb][\/et_pb_heading][\/et_pb_column][\/et_pb_row][et_pb_row _builder_version=\u00a0\u00bb4.27.4&Prime; _module_preset=\u00a0\u00bbdefault\u00a0\u00bb custom_margin=\u00a0\u00bb10px||||false|false\u00a0\u00bb custom_padding=\u00a0\u00bb0px||||false|false\u00a0\u00bb global_colors_info=\u00a0\u00bb{}\u00a0\u00bb][et_pb_column type=\u00a0\u00bb4_4&Prime; _builder_version=\u00a0\u00bb4.27.4&Prime; _module_preset=\u00a0\u00bbdefault\u00a0\u00bb global_colors_info=\u00a0\u00bb{}\u00a0\u00bb][et_pb_image src=\u00a0\u00bbhttps:\/\/defendcanadasfuture.com\/wp-content\/uploads\/2025\/03\/impact-stats-fr.jpg\u00a0\u00bb title_text=\u00a0\u00bbimpact-stats-fr\u00a0\u00bb _builder_version=\u00a0\u00bb4.27.4&Prime; _module_preset=\u00a0\u00bbdefault\u00a0\u00bb global_colors_info=\u00a0\u00bb{}\u00a0\u00bb][\/et_pb_image][et_pb_image src=\u00a0\u00bbhttps:\/\/defendcanadasfuture.com\/wp-content\/uploads\/2025\/02\/impact-blocks-fr.png\u00a0\u00bb title_text=\u00a0\u00bbimpact-blocks-fr\u00a0\u00bb _builder_version=\u00a0\u00bb4.27.4&Prime; _module_preset=\u00a0\u00bbdefault\u00a0\u00bb global_colors_info=\u00a0\u00bb{}\u00a0\u00bb][\/et_pb_image][\/et_pb_column][\/et_pb_row][et_pb_row column_structure=\u00a0\u00bb1_2,1_2&Prime; use_custom_gutter=\u00a0\u00bbon\u00a0\u00bb gutter_width=\u00a0\u00bb2&Prime; make_equal=\u00a0\u00bbon\u00a0\u00bb _builder_version=\u00a0\u00bb4.27.4&Prime; _module_preset=\u00a0\u00bbdefault\u00a0\u00bb custom_margin=\u00a0\u00bb10px||||false|false\u00a0\u00bb custom_padding=\u00a0\u00bb0px||||false|false\u00a0\u00bb global_colors_info=\u00a0\u00bb{}\u00a0\u00bb][et_pb_column type=\u00a0\u00bb1_2&Prime; _builder_version=\u00a0\u00bb4.27.4&Prime; _module_preset=\u00a0\u00bbdefault\u00a0\u00bb background_color=\u00a0\u00bb#d7d7d7&Prime; custom_padding=\u00a0\u00bb30px|30px|30px|30px|false|true\u00a0\u00bb global_colors_info=\u00a0\u00bb{}\u00a0\u00bb][et_pb_text _builder_version=\u00a0\u00bb4.27.4&Prime; _module_preset=\u00a0\u00bbdefault\u00a0\u00bb header_3_line_height=\u00a0\u00bb1.3em\u00a0\u00bb global_colors_info=\u00a0\u00bb{}\u00a0\u00bb]<\/p>\n<h3>Le partenariat strat\u00e9gique que nous entretenons avec le Canada livre \u00e0 l\u2019Arm\u00e9e canadienne des \u00e9quipements de classe mondiale et renforce le pays sur les plans \u00e9conomique et international.<\/h3>\n<p>[\/et_pb_text][\/et_pb_column][et_pb_column type=\u00a0\u00bb1_2&Prime; _builder_version=\u00a0\u00bb4.27.4&Prime; _module_preset=\u00a0\u00bbdefault\u00a0\u00bb background_color=\u00a0\u00bb#d7d7d7&Prime; custom_padding=\u00a0\u00bb30px|30px|30px|30px|false|false\u00a0\u00bb global_colors_info=\u00a0\u00bb{}\u00a0\u00bb][et_pb_text _builder_version=\u00a0\u00bb4.27.4&Prime; _module_preset=\u00a0\u00bbdefault\u00a0\u00bb header_3_line_height=\u00a0\u00bb1.3em\u00a0\u00bb global_colors_info=\u00a0\u00bb{}\u00a0\u00bb]<\/p>\n<h3>Nos d\u00e9cennies d&rsquo;exp\u00e9rience dans l&rsquo;ex\u00e9cution de programmes domestiques et internationaux nous ont permis d&rsquo;investir dans l&rsquo;innovation et d&rsquo;acqu\u00e9rir le talent n\u00e9cessaire pour r\u00e9pondre aux besoins actuels et futurs du Canada.<\/h3>\n<p>[\/et_pb_text][\/et_pb_column][\/et_pb_row][et_pb_row _builder_version=\u00a0\u00bb4.27.4&Prime; _module_preset=\u00a0\u00bbdefault\u00a0\u00bb custom_margin=\u00a0\u00bb10px||||false|false\u00a0\u00bb custom_padding=\u00a0\u00bb0px||0px||false|false\u00a0\u00bb global_colors_info=\u00a0\u00bb{}\u00a0\u00bb][et_pb_column type=\u00a0\u00bb4_4&Prime; _builder_version=\u00a0\u00bb4.27.4&Prime; _module_preset=\u00a0\u00bbdefault\u00a0\u00bb global_colors_info=\u00a0\u00bb{}\u00a0\u00bb][et_pb_heading title=\u00a0\u00bbLes exportations mondiales repr\u00e9sentent environ 85 % de notre volume d&rsquo;activit\u00e9s.\u00a0\u00bb _builder_version=\u00a0\u00bb4.27.4&Prime; _module_preset=\u00a0\u00bbdefault\u00a0\u00bb title_level=\u00a0\u00bbh3&Prime; title_text_align=\u00a0\u00bbcenter\u00a0\u00bb title_text_color=\u00a0\u00bb#FFFFFF\u00a0\u00bb background_color=\u00a0\u00bb#153053&Prime; custom_margin=\u00a0\u00bb||0px||false|false\u00a0\u00bb custom_padding=\u00a0\u00bb20px|20px|20px|20px|false|false\u00a0\u00bb global_colors_info=\u00a0\u00bb{}\u00a0\u00bb][\/et_pb_heading][et_pb_text _builder_version=\u00a0\u00bb4.27.4&Prime; _module_preset=\u00a0\u00bbdefault\u00a0\u00bb header_4_line_height=\u00a0\u00bb1.3em\u00a0\u00bb custom_margin=\u00a0\u00bb30px||||false|false\u00a0\u00bb hover_enabled=\u00a0\u00bb0&Prime; global_colors_info=\u00a0\u00bb{}\u00a0\u00bb sticky_enabled=\u00a0\u00bb0&Prime;]<\/p>\n<h4 style=\"text-align: center; font-size: 20px;\">La client\u00e8le mondiale de GDLS\u2013Canada est un<br \/>contributeur essentiel \u00e0 l&rsquo;\u00e9conomie du Canada.<\/h4>\n<p>[\/et_pb_text][\/et_pb_column][\/et_pb_row][\/et_pb_section][et_pb_section fb_built=\u00a0\u00bb1&Prime; _builder_version=\u00a0\u00bb4.27.4&Prime; _module_preset=\u00a0\u00bbdefault\u00a0\u00bb custom_margin=\u00a0\u00bb0px||||false|false\u00a0\u00bb custom_padding=\u00a0\u00bb0px|||0px|false|false\u00a0\u00bb global_colors_info=\u00a0\u00bb{}\u00a0\u00bb][et_pb_row column_structure=\u00a0\u00bb1_3,1_3,1_3&Prime; make_equal=\u00a0\u00bbon\u00a0\u00bb disabled_on=\u00a0\u00bbon|on|on\u00a0\u00bb _builder_version=\u00a0\u00bb4.27.4&Prime; _module_preset=\u00a0\u00bbdefault\u00a0\u00bb custom_margin=\u00a0\u00bb0px||||false|false\u00a0\u00bb custom_padding=\u00a0\u00bb10px||||false|false\u00a0\u00bb disabled=\u00a0\u00bbon\u00a0\u00bb global_colors_info=\u00a0\u00bb{}\u00a0\u00bb][et_pb_column type=\u00a0\u00bb1_3&Prime; _builder_version=\u00a0\u00bb4.27.4&Prime; _module_preset=\u00a0\u00bbdefault\u00a0\u00bb background_color=\u00a0\u00bb#d7d7d7&Prime; custom_padding=\u00a0\u00bb30px|30px|30px|30px|false|false\u00a0\u00bb global_colors_info=\u00a0\u00bb{}\u00a0\u00bb][et_pb_image src=\u00a0\u00bbhttps:\/\/defendcanadasfuture.com\/wp-content\/uploads\/2025\/02\/manufacturing-testimonial.png\u00a0\u00bb title_text=\u00a0\u00bbmanufacturing-testimonial\u00a0\u00bb align=\u00a0\u00bbcenter\u00a0\u00bb _builder_version=\u00a0\u00bb4.27.4&Prime; _module_preset=\u00a0\u00bbdefault\u00a0\u00bb width=\u00a0\u00bb80%\u00a0\u00bb global_colors_info=\u00a0\u00bb{}\u00a0\u00bb][\/et_pb_image][et_pb_text _builder_version=\u00a0\u00bb4.27.4&Prime; _module_preset=\u00a0\u00bbdefault\u00a0\u00bb header_font=\u00a0\u00bb|300|||||||\u00a0\u00bb header_4_font=\u00a0\u00bbInter Tight||||||||\u00a0\u00bb header_4_line_height=\u00a0\u00bb1.4em\u00a0\u00bb global_colors_info=\u00a0\u00bb{}\u00a0\u00bb]<\/p>\n<h1><strong>Talented people to grow the economy<\/strong><\/h1>\n<h4>Lorem ipsum dolor sit amet, consectetuer adipiscing elit, sed diam nonummy nibh euismod tincidunt ut laoreet dolore magna aliquam erat volutpat. Ut wisi enim ad minim veniam, quis nostrud exerci tation ullamcorper suscipit lobortis nisl ut aliquip ex ea commodo consequat.<\/h4>\n<p>[\/et_pb_text][\/et_pb_column][et_pb_column type=\u00a0\u00bb1_3&Prime; _builder_version=\u00a0\u00bb4.27.4&Prime; _module_preset=\u00a0\u00bbdefault\u00a0\u00bb background_color=\u00a0\u00bb#142f53&Prime; custom_padding=\u00a0\u00bb30px|30px|30px|30px|false|false\u00a0\u00bb global_colors_info=\u00a0\u00bb{}\u00a0\u00bb][et_pb_image src=\u00a0\u00bbhttps:\/\/defendcanadasfuture.com\/wp-content\/uploads\/2025\/02\/engineering-testimonial.png\u00a0\u00bb title_text=\u00a0\u00bbengineering-testimonial\u00a0\u00bb align=\u00a0\u00bbcenter\u00a0\u00bb _builder_version=\u00a0\u00bb4.27.4&Prime; _module_preset=\u00a0\u00bbdefault\u00a0\u00bb width=\u00a0\u00bb80%\u00a0\u00bb global_colors_info=\u00a0\u00bb{}\u00a0\u00bb][\/et_pb_image][et_pb_text _builder_version=\u00a0\u00bb4.27.4&Prime; _module_preset=\u00a0\u00bbdefault\u00a0\u00bb header_font=\u00a0\u00bb|300|||||||\u00a0\u00bb header_4_line_height=\u00a0\u00bb1.4em\u00a0\u00bb background_layout=\u00a0\u00bbdark\u00a0\u00bb global_colors_info=\u00a0\u00bb{}\u00a0\u00bb]<\/p>\n<h1><strong>Highly skilled, trained workforce with high paying jobs that contribute to the growth of the economy<\/strong><\/h1>\n<h4>Lorem ipsum dolor sit amet, consectetuer adipiscing elit, sed diam nonummy nibh euismod tincidunt ut laoreet dolore magna aliquam erat volutpat.<\/h4>\n<p>[\/et_pb_text][\/et_pb_column][et_pb_column type=\u00a0\u00bb1_3&Prime; _builder_version=\u00a0\u00bb4.27.4&Prime; _module_preset=\u00a0\u00bbdefault\u00a0\u00bb background_color=\u00a0\u00bb#d7d7d7&Prime; custom_padding=\u00a0\u00bb30px|30px|30px|30px|false|false\u00a0\u00bb global_colors_info=\u00a0\u00bb{}\u00a0\u00bb][et_pb_image src=\u00a0\u00bbhttps:\/\/defendcanadasfuture.com\/wp-content\/uploads\/2025\/02\/scm-testimonial.png\u00a0\u00bb title_text=\u00a0\u00bbscm-testimonial\u00a0\u00bb align=\u00a0\u00bbcenter\u00a0\u00bb _builder_version=\u00a0\u00bb4.27.4&Prime; _module_preset=\u00a0\u00bbdefault\u00a0\u00bb width=\u00a0\u00bb80%\u00a0\u00bb global_colors_info=\u00a0\u00bb{}\u00a0\u00bb][\/et_pb_image][et_pb_text _builder_version=\u00a0\u00bb4.27.4&Prime; _module_preset=\u00a0\u00bbdefault\u00a0\u00bb header_font=\u00a0\u00bb|300|||||||\u00a0\u00bb header_4_line_height=\u00a0\u00bb1.4em\u00a0\u00bb global_colors_info=\u00a0\u00bb{}\u00a0\u00bb]<\/p>\n<h1><strong>Strengthening communities by preserving 13,400 jobs annually<\/strong><\/h1>\n<h4>Lorem ipsum dolor sit amet, consectetuer adipiscing elit, sed diam nonummy nibh euismod tincidunt ut laoreet dolore magna aliquam erat volutpat. Ut wisi enim ad minim veniam, quis nostrud exerci tation ullamcorper suscipit lobortis nisl ut aliquip ex ea commodo consequat.<\/h4>\n<p>[\/et_pb_text][\/et_pb_column][\/et_pb_row][\/et_pb_section]<\/p>\n","protected":false},"excerpt":{"rendered":"<p>General Dynamics Land Systems\u2013Canada apporte au Canada une contribution \u00e9conomique significative qui b\u00e9n\u00e9ficie directement aux Canadiens.Le partenariat strat\u00e9gique que nous entretenons avec le Canada livre \u00e0 l\u2019Arm\u00e9e canadienne des \u00e9quipements de classe mondiale et renforce le pays sur les plans \u00e9conomique et international.Nos d\u00e9cennies d&rsquo;exp\u00e9rience dans l&rsquo;ex\u00e9cution de programmes domestiques et internationaux nous ont permis [&hellip;]<\/p>\n","protected":false},"author":1,"featured_media":0,"parent":0,"menu_order":0,"comment_status":"closed","ping_status":"closed","template":"","meta":{"_et_pb_use_builder":"on","_et_pb_old_content":"","_et_gb_content_width":"","inline_featured_image":false,"footnotes":""},"class_list":["post-507","page","type-page","status-publish","hentry"],"yoast_head":"<!-- This site is optimized with the Yoast SEO plugin v27.2 - https:\/\/yoast.com\/product\/yoast-seo-wordpress\/ -->\n<title>Nos impacts - Defend Canada&#039;s Future<\/title>\n<meta name=\"robots\" content=\"index, follow, max-snippet:-1, max-image-preview:large, max-video-preview:-1\" \/>\n<link rel=\"canonical\" href=\"https:\/\/defendcanadasfuture.com\/fr\/nos-impacts\/\" \/>\n<meta property=\"og:locale\" content=\"fr_FR\" \/>\n<meta property=\"og:type\" content=\"article\" \/>\n<meta property=\"og:title\" content=\"Nos impacts - Defend Canada&#039;s Future\" \/>\n<meta property=\"og:description\" content=\"General Dynamics Land Systems\u2013Canada apporte au Canada une contribution \u00e9conomique significative qui b\u00e9n\u00e9ficie directement aux Canadiens.Le partenariat strat\u00e9gique que nous entretenons avec le Canada livre \u00e0 l\u2019Arm\u00e9e canadienne des \u00e9quipements de classe mondiale et renforce le pays sur les plans \u00e9conomique et international.Nos d\u00e9cennies d&#039;exp\u00e9rience dans l&#039;ex\u00e9cution de programmes domestiques et internationaux nous ont permis [&hellip;]\" \/>\n<meta property=\"og:url\" content=\"https:\/\/defendcanadasfuture.com\/fr\/nos-impacts\/\" \/>\n<meta property=\"og:site_name\" content=\"Defend Canada&#039;s Future\" \/>\n<meta property=\"article:publisher\" content=\"https:\/\/www.facebook.com\/GDLSCanada\/\" \/>\n<meta property=\"article:modified_time\" content=\"2026-03-17T15:26:31+00:00\" \/>\n<meta name=\"twitter:card\" content=\"summary_large_image\" \/>\n<meta name=\"twitter:label1\" content=\"Dur\u00e9e de lecture estim\u00e9e\" \/>\n\t<meta name=\"twitter:data1\" content=\"2 minutes\" \/>\n<script type=\"application\/ld+json\" class=\"yoast-schema-graph\">{\"@context\":\"https:\/\/schema.org\",\"@graph\":[{\"@type\":\"WebPage\",\"@id\":\"https:\/\/defendcanadasfuture.com\/fr\/nos-impacts\/\",\"url\":\"https:\/\/defendcanadasfuture.com\/fr\/nos-impacts\/\",\"name\":\"Nos impacts - Defend Canada&#039;s Future\",\"isPartOf\":{\"@id\":\"https:\/\/defendcanadasfuture.com\/#website\"},\"datePublished\":\"2025-02-03T18:18:47+00:00\",\"dateModified\":\"2026-03-17T15:26:31+00:00\",\"breadcrumb\":{\"@id\":\"https:\/\/defendcanadasfuture.com\/fr\/nos-impacts\/#breadcrumb\"},\"inLanguage\":\"fr-FR\",\"potentialAction\":[{\"@type\":\"ReadAction\",\"target\":[\"https:\/\/defendcanadasfuture.com\/fr\/nos-impacts\/\"]}]},{\"@type\":\"BreadcrumbList\",\"@id\":\"https:\/\/defendcanadasfuture.com\/fr\/nos-impacts\/#breadcrumb\",\"itemListElement\":[{\"@type\":\"ListItem\",\"position\":1,\"name\":\"Home\",\"item\":\"https:\/\/defendcanadasfuture.com\/fr\/\"},{\"@type\":\"ListItem\",\"position\":2,\"name\":\"Nos impacts\"}]},{\"@type\":\"WebSite\",\"@id\":\"https:\/\/defendcanadasfuture.com\/#website\",\"url\":\"https:\/\/defendcanadasfuture.com\/\",\"name\":\"Defend Canada's Future\",\"description\":\"PRESERVE HIGH-VALUE JOBS &amp; MADE-IN-CANADA LIGHT ARMOURED VEHICLES (LAVs)\",\"publisher\":{\"@id\":\"https:\/\/defendcanadasfuture.com\/#organization\"},\"potentialAction\":[{\"@type\":\"SearchAction\",\"target\":{\"@type\":\"EntryPoint\",\"urlTemplate\":\"https:\/\/defendcanadasfuture.com\/?s={search_term_string}\"},\"query-input\":{\"@type\":\"PropertyValueSpecification\",\"valueRequired\":true,\"valueName\":\"search_term_string\"}}],\"inLanguage\":\"fr-FR\"},{\"@type\":\"Organization\",\"@id\":\"https:\/\/defendcanadasfuture.com\/#organization\",\"name\":\"General Dynamics Land Systems\",\"url\":\"https:\/\/defendcanadasfuture.com\/\",\"logo\":{\"@type\":\"ImageObject\",\"inLanguage\":\"fr-FR\",\"@id\":\"https:\/\/defendcanadasfuture.com\/#\/schema\/logo\/image\/\",\"url\":\"https:\/\/defendcanadasfuture.com\/wp-content\/uploads\/2025\/03\/gd-capsule-logo-land-systems.png\",\"contentUrl\":\"https:\/\/defendcanadasfuture.com\/wp-content\/uploads\/2025\/03\/gd-capsule-logo-land-systems.png\",\"width\":879,\"height\":623,\"caption\":\"General Dynamics Land Systems\"},\"image\":{\"@id\":\"https:\/\/defendcanadasfuture.com\/#\/schema\/logo\/image\/\"},\"sameAs\":[\"https:\/\/www.facebook.com\/GDLSCanada\/\",\"https:\/\/ca.linkedin.com\/company\/generaldynamicslandsystemscanada\"]}]}<\/script>\n<!-- \/ Yoast SEO plugin. -->","yoast_head_json":{"title":"Nos impacts - Defend Canada&#039;s Future","robots":{"index":"index","follow":"follow","max-snippet":"max-snippet:-1","max-image-preview":"max-image-preview:large","max-video-preview":"max-video-preview:-1"},"canonical":"https:\/\/defendcanadasfuture.com\/fr\/nos-impacts\/","og_locale":"fr_FR","og_type":"article","og_title":"Nos impacts - Defend Canada&#039;s Future","og_description":"General Dynamics Land Systems\u2013Canada apporte au Canada une contribution \u00e9conomique significative qui b\u00e9n\u00e9ficie directement aux Canadiens.Le partenariat strat\u00e9gique que nous entretenons avec le Canada livre \u00e0 l\u2019Arm\u00e9e canadienne des \u00e9quipements de classe mondiale et renforce le pays sur les plans \u00e9conomique et international.Nos d\u00e9cennies d'exp\u00e9rience dans l'ex\u00e9cution de programmes domestiques et internationaux nous ont permis [&hellip;]","og_url":"https:\/\/defendcanadasfuture.com\/fr\/nos-impacts\/","og_site_name":"Defend Canada&#039;s Future","article_publisher":"https:\/\/www.facebook.com\/GDLSCanada\/","article_modified_time":"2026-03-17T15:26:31+00:00","twitter_card":"summary_large_image","twitter_misc":{"Dur\u00e9e de lecture estim\u00e9e":"2 minutes"},"schema":{"@context":"https:\/\/schema.org","@graph":[{"@type":"WebPage","@id":"https:\/\/defendcanadasfuture.com\/fr\/nos-impacts\/","url":"https:\/\/defendcanadasfuture.com\/fr\/nos-impacts\/","name":"Nos impacts - Defend Canada&#039;s Future","isPartOf":{"@id":"https:\/\/defendcanadasfuture.com\/#website"},"datePublished":"2025-02-03T18:18:47+00:00","dateModified":"2026-03-17T15:26:31+00:00","breadcrumb":{"@id":"https:\/\/defendcanadasfuture.com\/fr\/nos-impacts\/#breadcrumb"},"inLanguage":"fr-FR","potentialAction":[{"@type":"ReadAction","target":["https:\/\/defendcanadasfuture.com\/fr\/nos-impacts\/"]}]},{"@type":"BreadcrumbList","@id":"https:\/\/defendcanadasfuture.com\/fr\/nos-impacts\/#breadcrumb","itemListElement":[{"@type":"ListItem","position":1,"name":"Home","item":"https:\/\/defendcanadasfuture.com\/fr\/"},{"@type":"ListItem","position":2,"name":"Nos impacts"}]},{"@type":"WebSite","@id":"https:\/\/defendcanadasfuture.com\/#website","url":"https:\/\/defendcanadasfuture.com\/","name":"Defend Canada's Future","description":"PRESERVE HIGH-VALUE JOBS &amp; MADE-IN-CANADA LIGHT ARMOURED VEHICLES (LAVs)","publisher":{"@id":"https:\/\/defendcanadasfuture.com\/#organization"},"potentialAction":[{"@type":"SearchAction","target":{"@type":"EntryPoint","urlTemplate":"https:\/\/defendcanadasfuture.com\/?s={search_term_string}"},"query-input":{"@type":"PropertyValueSpecification","valueRequired":true,"valueName":"search_term_string"}}],"inLanguage":"fr-FR"},{"@type":"Organization","@id":"https:\/\/defendcanadasfuture.com\/#organization","name":"General Dynamics Land Systems","url":"https:\/\/defendcanadasfuture.com\/","logo":{"@type":"ImageObject","inLanguage":"fr-FR","@id":"https:\/\/defendcanadasfuture.com\/#\/schema\/logo\/image\/","url":"https:\/\/defendcanadasfuture.com\/wp-content\/uploads\/2025\/03\/gd-capsule-logo-land-systems.png","contentUrl":"https:\/\/defendcanadasfuture.com\/wp-content\/uploads\/2025\/03\/gd-capsule-logo-land-systems.png","width":879,"height":623,"caption":"General Dynamics Land Systems"},"image":{"@id":"https:\/\/defendcanadasfuture.com\/#\/schema\/logo\/image\/"},"sameAs":["https:\/\/www.facebook.com\/GDLSCanada\/","https:\/\/ca.linkedin.com\/company\/generaldynamicslandsystemscanada"]}]}},"_links":{"self":[{"href":"https:\/\/defendcanadasfuture.com\/fr\/wp-json\/wp\/v2\/pages\/507","targetHints":{"allow":["GET"]}}],"collection":[{"href":"https:\/\/defendcanadasfuture.com\/fr\/wp-json\/wp\/v2\/pages"}],"about":[{"href":"https:\/\/defendcanadasfuture.com\/fr\/wp-json\/wp\/v2\/types\/page"}],"author":[{"embeddable":true,"href":"https:\/\/defendcanadasfuture.com\/fr\/wp-json\/wp\/v2\/users\/1"}],"replies":[{"embeddable":true,"href":"https:\/\/defendcanadasfuture.com\/fr\/wp-json\/wp\/v2\/comments?post=507"}],"version-history":[{"count":14,"href":"https:\/\/defendcanadasfuture.com\/fr\/wp-json\/wp\/v2\/pages\/507\/revisions"}],"predecessor-version":[{"id":1019,"href":"https:\/\/defendcanadasfuture.com\/fr\/wp-json\/wp\/v2\/pages\/507\/revisions\/1019"}],"wp:attachment":[{"href":"https:\/\/defendcanadasfuture.com\/fr\/wp-json\/wp\/v2\/media?parent=507"}],"curies":[{"name":"wp","href":"https:\/\/api.w.org\/{rel}","templated":true}]}}